{"id":5756,"date":"2025-03-03T19:53:00","date_gmt":"2025-03-03T18:53:00","guid":{"rendered":"https:\/\/hofmann-bcn.com\/?page_id=5756"},"modified":"2026-02-24T14:20:02","modified_gmt":"2026-02-24T13:20:02","slug":"masters","status":"publish","type":"page","link":"https:\/\/www.hofmann-bcn.com\/ca\/mestres\/","title":{"rendered":"M\u00e0sters"},"content":{"rendered":"\t\t<div data-elementor-type=\"wp-page\" data-elementor-id=\"5756\" class=\"elementor elementor-5756\" data-elementor-settings=\"{&quot;element_pack_global_tooltip_width&quot;:{&quot;unit&quot;:&quot;px&quot;,&quot;size&quot;:&quot;&quot;,&quot;sizes&quot;:[]},&quot;element_pack_global_tooltip_width_laptop&quot;:{&quot;unit&quot;:&quot;px&quot;,&quot;size&quot;:&quot;&quot;,&quot;sizes&quot;:[]},&quot;element_pack_global_tooltip_width_tablet&quot;:{&quot;unit&quot;:&quot;px&quot;,&quot;size&quot;:&quot;&quot;,&quot;sizes&quot;:[]},&quot;element_pack_global_tooltip_width_mobile&quot;:{&quot;unit&quot;:&quot;px&quot;,&quot;size&quot;:&quot;&quot;,&quot;sizes&quot;:[]},&quot;element_pack_global_tooltip_padding&quot;:{&quot;unit&quot;:&quot;px&quot;,&quot;top&quot;:&quot;&quot;,&quot;right&quot;:&quot;&quot;,&quot;bottom&quot;:&quot;&quot;,&quot;left&quot;:&quot;&quot;,&quot;isLinked&quot;:true},&quot;element_pack_global_tooltip_padding_laptop&quot;:{&quot;unit&quot;:&quot;px&quot;,&quot;top&quot;:&quot;&quot;,&quot;right&quot;:&quot;&quot;,&quot;bottom&quot;:&quot;&quot;,&quot;left&quot;:&quot;&quot;,&quot;isLinked&quot;:true},&quot;element_pack_global_tooltip_padding_tablet&quot;:{&quot;unit&quot;:&quot;px&quot;,&quot;top&quot;:&quot;&quot;,&quot;right&quot;:&quot;&quot;,&quot;bottom&quot;:&quot;&quot;,&quot;left&quot;:&quot;&quot;,&quot;isLinked&quot;:true},&quot;element_pack_global_tooltip_padding_mobile&quot;:{&quot;unit&quot;:&quot;px&quot;,&quot;top&quot;:&quot;&quot;,&quot;right&quot;:&quot;&quot;,&quot;bottom&quot;:&quot;&quot;,&quot;left&quot;:&quot;&quot;,&quot;isLinked&quot;:true},&quot;element_pack_global_tooltip_border_radius&quot;:{&quot;unit&quot;:&quot;px&quot;,&quot;top&quot;:&quot;&quot;,&quot;right&quot;:&quot;&quot;,&quot;bottom&quot;:&quot;&quot;,&quot;left&quot;:&quot;&quot;,&quot;isLinked&quot;:true},&quot;element_pack_global_tooltip_border_radius_laptop&quot;:{&quot;unit&quot;:&quot;px&quot;,&quot;top&quot;:&quot;&quot;,&quot;right&quot;:&quot;&quot;,&quot;bottom&quot;:&quot;&quot;,&quot;left&quot;:&quot;&quot;,&quot;isLinked&quot;:true},&quot;element_pack_global_tooltip_border_radius_tablet&quot;:{&quot;unit&quot;:&quot;px&quot;,&quot;top&quot;:&quot;&quot;,&quot;right&quot;:&quot;&quot;,&quot;bottom&quot;:&quot;&quot;,&quot;left&quot;:&quot;&quot;,&quot;isLinked&quot;:true},&quot;element_pack_global_tooltip_border_radius_mobile&quot;:{&quot;unit&quot;:&quot;px&quot;,&quot;top&quot;:&quot;&quot;,&quot;right&quot;:&quot;&quot;,&quot;bottom&quot;:&quot;&quot;,&quot;left&quot;:&quot;&quot;,&quot;isLinked&quot;:true}}\" data-elementor-post-type=\"page\">\n\t\t\t\t<div class=\"elementor-element elementor-element-6ebd8d5 e-flex e-con-boxed e-con e-parent\" data-id=\"6ebd8d5\" data-element_type=\"container\" data-e-type=\"container\">\n\t\t\t\t\t<div class=\"e-con-inner\">\n\t\t\t\t<div class=\"elementor-element elementor-element-f910d49 elementor-widget elementor-widget-heading\" data-id=\"f910d49\" data-element_type=\"widget\" data-e-type=\"widget\" data-widget_type=\"heading.default\">\n\t\t\t\t\t<h1 class=\"elementor-heading-title elementor-size-default\">M\u00e1sters<\/h1>\t\t\t\t<\/div>\n\t\t\t\t<div class=\"elementor-element elementor-element-eed06d5 elementor-widget elementor-widget-text-editor\" data-id=\"eed06d5\" data-element_type=\"widget\" data-e-type=\"widget\" data-widget_type=\"text-editor.default\">\n\t\t\t\t\t\t\t\t\t<p>Los m\u00e1sters de formaci\u00f3n de Hofmann te llevar\u00e1n al siguiente nivel.<\/p>\t\t\t\t\t\t\t\t<\/div>\n\t\t\t\t<div class=\"elementor-element elementor-element-d996c4d elementor-widget elementor-widget-taxonomy-filter\" data-id=\"d996c4d\" data-element_type=\"widget\" data-e-type=\"widget\" data-settings=\"{&quot;taxonomy&quot;:&quot;categoria&quot;,&quot;horizontal_scroll&quot;:&quot;enable&quot;,&quot;selected_element&quot;:&quot;10520ef&quot;}\" data-widget_type=\"taxonomy-filter.default\">\n\t\t\t\t\t\t\t<search class=\"e-filter\" role=\"search\" data-base-url=\"https:\/\/www.hofmann-bcn.com\/ca\/\" data-page-num=\"1\">\n\t\t\t\t\t\t\t<button class=\"e-filter-item\" data-filter=\"online\" aria-pressed=\"false\">En l\u00ednia<\/button>\n\t\t\t\t\t\t\t<button class=\"e-filter-item\" data-filter=\"presencial\" aria-pressed=\"false\">En persona<\/button>\n\t\t\t\n\t\t\t\t\t\t\t\t\t<button class=\"e-filter-item\" data-filter=\"__all\" aria-pressed=\"true\">\n\t\t\t\tTodo\t\t\t<\/button>\n\t\t\t\t\t<\/search>\n\t\t\t\t\t\t<\/div>\n\t\t\t\t\t<\/div>\n\t\t\t\t<\/div>\n\t\t<div class=\"elementor-element elementor-element-f098ff5 e-flex e-con-boxed e-con e-parent\" data-id=\"f098ff5\" data-element_type=\"container\" data-e-type=\"container\">\n\t\t\t\t\t<div class=\"e-con-inner\">\n\t\t\t\t<div class=\"elementor-element elementor-element-10520ef elementor-grid-2 elementor-grid-tablet-2 elementor-grid-mobile-1 elementor-widget elementor-widget-loop-grid\" data-id=\"10520ef\" data-element_type=\"widget\" data-e-type=\"widget\" data-settings=\"{&quot;template_id&quot;:6164,&quot;columns&quot;:2,&quot;_skin&quot;:&quot;post&quot;,&quot;columns_tablet&quot;:&quot;2&quot;,&quot;columns_mobile&quot;:&quot;1&quot;,&quot;edit_handle_selector&quot;:&quot;[data-elementor-type=\\&quot;loop-item\\&quot;]&quot;,&quot;row_gap&quot;:{&quot;unit&quot;:&quot;px&quot;,&quot;size&quot;:&quot;&quot;,&quot;sizes&quot;:[]},&quot;row_gap_laptop&quot;:{&quot;unit&quot;:&quot;px&quot;,&quot;size&quot;:&quot;&quot;,&quot;sizes&quot;:[]},&quot;row_gap_tablet&quot;:{&quot;unit&quot;:&quot;px&quot;,&quot;size&quot;:&quot;&quot;,&quot;sizes&quot;:[]},&quot;row_gap_mobile&quot;:{&quot;unit&quot;:&quot;px&quot;,&quot;size&quot;:&quot;&quot;,&quot;sizes&quot;:[]}}\" data-widget_type=\"loop-grid.post\">\n\t\t\t\t<div class=\"elementor-widget-container\">\n\t\t\t\t\t\t\t<div class=\"elementor-loop-container elementor-grid\" role=\"list\">\n\t\t<style id=\"loop-dynamic-6164\">.e-loop-item-8033 .elementor-element.elementor-element-d79d8ff:not(.elementor-motion-effects-element-type-background), .e-loop-item-8033 .elementor-element.elementor-element-d79d8ff > .elementor-motion-effects-container > .elementor-motion-effects-layer{background-image:url(\"https:\/\/www.hofmann-bcn.com\/wp-content\/uploads\/2025\/10\/cd84f05d-8fbc-4dbe-986f-eb49634d105a.png\");}<\/style><style id=\"loop-6164\">.elementor-6164 .elementor-element.elementor-element-f1fa72f{--display:flex;--gap:0px 0px;--row-gap:0px;--column-gap:0px;--background-transition:0.3s;border-style:solid;--border-style:solid;border-width:2px 2px 2px 2px;--border-top-width:2px;--border-right-width:2px;--border-bottom-width:2px;--border-left-width:2px;border-color:var( --e-global-color-uicore_light );--border-color:var( --e-global-color-uicore_light );--border-radius:20px 20px 20px 20px;--padding-top:0px;--padding-bottom:0px;--padding-left:0px;--padding-right:0px;}.elementor-6164 .elementor-element.elementor-element-f1fa72f:not(.elementor-motion-effects-element-type-background), .elementor-6164 .elementor-element.elementor-element-f1fa72f > .elementor-motion-effects-container > .elementor-motion-effects-layer{background-color:var( --e-global-color-uicore_white );}.elementor-6164 .elementor-element.elementor-element-f1fa72f:hover{background-color:var( --e-global-color-uicore_light );border-style:solid;border-width:2px 2px 2px 2px;--border-top-width:2px;--border-right-width:2px;--border-bottom-width:2px;--border-left-width:2px;border-color:var( --e-global-color-uicore_accent );--border-color:var( --e-global-color-uicore_accent );--border-radius:20px 20px 20px 20px;--border-top-left-radius:20px;--border-top-right-radius:20px;--border-bottom-right-radius:20px;--border-bottom-left-radius:20px;}.elementor-6164 .elementor-element.elementor-element-f1fa72f, .elementor-6164 .elementor-element.elementor-element-f1fa72f::before{--border-transition:0.3s;}.elementor-6164 .elementor-element.elementor-element-d79d8ff{--display:flex;--min-height:200px;--justify-content:flex-end;--border-radius:20px 20px 0px 0px;--margin-top:0px;--margin-bottom:0px;--margin-left:0px;--margin-right:0px;--padding-top:20px;--padding-bottom:15px;--padding-left:15px;--padding-right:20px;}.elementor-6164 .elementor-element.elementor-element-d79d8ff:not(.elementor-motion-effects-element-type-background), .elementor-6164 .elementor-element.elementor-element-d79d8ff > .elementor-motion-effects-container > .elementor-motion-effects-layer{background-position:center center;background-size:cover;}.elementor-6164 .elementor-element.elementor-element-fbe1d1b{text-align:start;font-family:\"Gotham Bold\", Sans-serif;font-size:14px;font-weight:normal;text-transform:uppercase;padding:2px 15px 2px 15px;background-color:var( --e-global-color-uicore_white );border-style:solid;border-width:1px 1px 1px 1px;border-color:var( --e-global-color-uicore_primary );border-radius:50px 50px 50px 50px;}.elementor-6164 .elementor-element.elementor-element-fbe1d1b p{margin-block-end:0px;}.elementor-6164 .elementor-element.elementor-element-fbe1d1b.elementor-element{--align-self:flex-start;}.elementor-6164 .elementor-element.elementor-element-9b98ed6{--display:flex;--gap:0px 0px;--row-gap:0px;--column-gap:0px;--margin-top:0px;--margin-bottom:0px;--margin-left:0px;--margin-right:0px;--padding-top:20px;--padding-bottom:20px;--padding-left:20px;--padding-right:20px;}.elementor-6164 .elementor-element.elementor-element-4a6d785{font-family:\"Gotham Bold\", Sans-serif;font-size:12px;font-weight:normal;color:var( --e-global-color-uicore_accent );}.elementor-6164 .elementor-element.elementor-element-15c1f78 .elementor-heading-title{font-family:\"Gotham Bold\", Sans-serif;font-size:22px;font-weight:normal;color:var( --e-global-color-uicore_primary );}<\/style>\t\t<div data-elementor-type=\"loop-item\" data-elementor-id=\"6164\" class=\"elementor elementor-6164 e-loop-item e-loop-item-8033 post-8033 masters type-masters status-publish has-post-thumbnail hentry categoria-online\" data-elementor-post-type=\"elementor_library\" data-custom-edit-handle=\"1\">\n\t\t\t<a class=\"elementor-element elementor-element-f1fa72f e-con-full e-flex e-con e-parent\" data-id=\"f1fa72f\" data-element_type=\"container\" data-e-type=\"container\" data-settings=\"{&quot;background_background&quot;:&quot;classic&quot;}\" href=\"https:\/\/www.hofmann-bcn.com\/ca\/masters\/master-online-en-direccio-de-restaurants\/\">\n\t\t<div class=\"elementor-element elementor-element-d79d8ff e-con-full e-flex e-con e-child\" data-id=\"d79d8ff\" data-element_type=\"container\" data-e-type=\"container\" data-settings=\"{&quot;background_background&quot;:&quot;classic&quot;}\">\n\t\t\t\t<div class=\"elementor-element elementor-element-fbe1d1b jedv-enabled--yes elementor-widget elementor-widget-text-editor\" data-id=\"fbe1d1b\" data-element_type=\"widget\" data-e-type=\"widget\" data-widget_type=\"text-editor.default\">\n\t\t\t\t\t\t\t\t\tEn l\u00ednia\t\t\t\t\t\t\t\t<\/div>\n\t\t\t\t<\/div>\n\t\t<div class=\"elementor-element elementor-element-9b98ed6 e-con-full e-flex e-con e-child\" data-id=\"9b98ed6\" data-element_type=\"container\" data-e-type=\"container\">\n\t\t\t\t<div class=\"elementor-element elementor-element-4a6d785 elementor-widget elementor-widget-text-editor\" data-id=\"4a6d785\" data-element_type=\"widget\" data-e-type=\"widget\" data-widget_type=\"text-editor.default\">\n\t\t\t\t\t\t\t\t\tEn l\u00ednia \u00b7 1 any\t\t\t\t\t\t\t\t<\/div>\n\t\t\t\t<div class=\"elementor-element elementor-element-15c1f78 elementor-widget elementor-widget-heading\" data-id=\"15c1f78\" data-element_type=\"widget\" data-e-type=\"widget\" data-widget_type=\"heading.default\">\n\t\t\t\t\t<h2 class=\"elementor-heading-title elementor-size-default\">M\u00e0ster Online en Direcci\u00f3 de Restaurants<\/h2>\t\t\t\t<\/div>\n\t\t\t\t<\/div>\n\t\t\t\t<\/a>\n\t\t\t\t<\/div>\n\t\t<style id=\"loop-dynamic-6164\">.e-loop-item-4036 .elementor-element.elementor-element-d79d8ff:not(.elementor-motion-effects-element-type-background), .e-loop-item-4036 .elementor-element.elementor-element-d79d8ff > .elementor-motion-effects-container > .elementor-motion-effects-layer{background-image:url(\"https:\/\/www.hofmann-bcn.com\/wp-content\/uploads\/2025\/01\/ddsf.png\");}<\/style>\t\t<div data-elementor-type=\"loop-item\" data-elementor-id=\"6164\" class=\"elementor elementor-6164 e-loop-item e-loop-item-4036 post-4036 masters type-masters status-publish has-post-thumbnail hentry categoria-presencial\" data-elementor-post-type=\"elementor_library\" data-custom-edit-handle=\"1\">\n\t\t\t<a class=\"elementor-element elementor-element-f1fa72f e-con-full e-flex e-con e-parent\" data-id=\"f1fa72f\" data-element_type=\"container\" data-e-type=\"container\" data-settings=\"{&quot;background_background&quot;:&quot;classic&quot;}\" href=\"https:\/\/www.hofmann-bcn.com\/ca\/masters\/master-direccion-gestion-restaurantes\/\">\n\t\t<div class=\"elementor-element elementor-element-d79d8ff e-con-full e-flex e-con e-child\" data-id=\"d79d8ff\" data-element_type=\"container\" data-e-type=\"container\" data-settings=\"{&quot;background_background&quot;:&quot;classic&quot;}\">\n\t\t\t\t<div class=\"elementor-element elementor-element-fbe1d1b jedv-enabled--yes elementor-widget elementor-widget-text-editor\" data-id=\"fbe1d1b\" data-element_type=\"widget\" data-e-type=\"widget\" data-widget_type=\"text-editor.default\">\n\t\t\t\t\t\t\t\t\tEn persona\t\t\t\t\t\t\t\t<\/div>\n\t\t\t\t<\/div>\n\t\t<div class=\"elementor-element elementor-element-9b98ed6 e-con-full e-flex e-con e-child\" data-id=\"9b98ed6\" data-element_type=\"container\" data-e-type=\"container\">\n\t\t\t\t<div class=\"elementor-element elementor-element-4a6d785 elementor-widget elementor-widget-text-editor\" data-id=\"4a6d785\" data-element_type=\"widget\" data-e-type=\"widget\" data-widget_type=\"text-editor.default\">\n\t\t\t\t\t\t\t\t\t9 meses . Presencial \t\t\t\t\t\t\t\t<\/div>\n\t\t\t\t<div class=\"elementor-element elementor-element-15c1f78 elementor-widget elementor-widget-heading\" data-id=\"15c1f78\" data-element_type=\"widget\" data-e-type=\"widget\" data-widget_type=\"heading.default\">\n\t\t\t\t\t<h2 class=\"elementor-heading-title elementor-size-default\">M\u00e0ster en Direcci\u00f3 i Gesti\u00f3 de Restaurants<\/h2>\t\t\t\t<\/div>\n\t\t\t\t<\/div>\n\t\t\t\t<\/a>\n\t\t\t\t<\/div>\n\t\t<style id=\"loop-dynamic-6164\">.e-loop-item-8256 .elementor-element.elementor-element-d79d8ff:not(.elementor-motion-effects-element-type-background), .e-loop-item-8256 .elementor-element.elementor-element-d79d8ff > .elementor-motion-effects-container > .elementor-motion-effects-layer{background-image:url(\"https:\/\/www.hofmann-bcn.com\/wp-content\/uploads\/2025\/12\/Diseno-sin-titulo-5.jpg\");}<\/style>\t\t<div data-elementor-type=\"loop-item\" data-elementor-id=\"6164\" class=\"elementor elementor-6164 e-loop-item e-loop-item-8256 post-8256 masters type-masters status-publish has-post-thumbnail hentry categoria-presencial\" data-elementor-post-type=\"elementor_library\" data-custom-edit-handle=\"1\">\n\t\t\t<a class=\"elementor-element elementor-element-f1fa72f e-con-full e-flex e-con e-parent\" data-id=\"f1fa72f\" data-element_type=\"container\" data-e-type=\"container\" data-settings=\"{&quot;background_background&quot;:&quot;classic&quot;}\" href=\"https:\/\/www.hofmann-bcn.com\/ca\/masters\/master-beyond-food-experience\/\">\n\t\t<div class=\"elementor-element elementor-element-d79d8ff e-con-full e-flex e-con e-child\" data-id=\"d79d8ff\" data-element_type=\"container\" data-e-type=\"container\" data-settings=\"{&quot;background_background&quot;:&quot;classic&quot;}\">\n\t\t\t\t<div class=\"elementor-element elementor-element-fbe1d1b jedv-enabled--yes elementor-widget elementor-widget-text-editor\" data-id=\"fbe1d1b\" data-element_type=\"widget\" data-e-type=\"widget\" data-widget_type=\"text-editor.default\">\n\t\t\t\t\t\t\t\t\tEn persona\t\t\t\t\t\t\t\t<\/div>\n\t\t\t\t<\/div>\n\t\t<div class=\"elementor-element elementor-element-9b98ed6 e-con-full e-flex e-con e-child\" data-id=\"9b98ed6\" data-element_type=\"container\" data-e-type=\"container\">\n\t\t\t\t<div class=\"elementor-element elementor-element-4a6d785 elementor-widget elementor-widget-text-editor\" data-id=\"4a6d785\" data-element_type=\"widget\" data-e-type=\"widget\" data-widget_type=\"text-editor.default\">\n\t\t\t\t\t\t\t\t\t10 meses . Presencial\t\t\t\t\t\t\t\t<\/div>\n\t\t\t\t<div class=\"elementor-element elementor-element-15c1f78 elementor-widget elementor-widget-heading\" data-id=\"15c1f78\" data-element_type=\"widget\" data-e-type=\"widget\" data-widget_type=\"heading.default\">\n\t\t\t\t\t<h2 class=\"elementor-heading-title elementor-size-default\">M\u00e1ster Beyond Food Experience<\/h2>\t\t\t\t<\/div>\n\t\t\t\t<\/div>\n\t\t\t\t<\/a>\n\t\t\t\t<\/div>\n\t\t<style id=\"loop-dynamic-6164\">.e-loop-item-6446 .elementor-element.elementor-element-d79d8ff:not(.elementor-motion-effects-element-type-background), .e-loop-item-6446 .elementor-element.elementor-element-d79d8ff > .elementor-motion-effects-container > .elementor-motion-effects-layer{background-image:url(\"https:\/\/www.hofmann-bcn.com\/wp-content\/uploads\/2025\/03\/Innovacion_Gestion_Gastronomica.jpg\");}<\/style>\t\t<div data-elementor-type=\"loop-item\" data-elementor-id=\"6164\" class=\"elementor elementor-6164 e-loop-item e-loop-item-6446 post-6446 masters type-masters status-publish has-post-thumbnail hentry categoria-online\" data-elementor-post-type=\"elementor_library\" data-custom-edit-handle=\"1\">\n\t\t\t<a class=\"elementor-element elementor-element-f1fa72f e-con-full e-flex e-con e-parent\" data-id=\"f1fa72f\" data-element_type=\"container\" data-e-type=\"container\" data-settings=\"{&quot;background_background&quot;:&quot;classic&quot;}\" href=\"https:\/\/www.hofmann-bcn.com\/ca\/masters\/master-online-innovacio-gestio-gastronomica\/\">\n\t\t<div class=\"elementor-element elementor-element-d79d8ff e-con-full e-flex e-con e-child\" data-id=\"d79d8ff\" data-element_type=\"container\" data-e-type=\"container\" data-settings=\"{&quot;background_background&quot;:&quot;classic&quot;}\">\n\t\t\t\t<div class=\"elementor-element elementor-element-fbe1d1b jedv-enabled--yes elementor-widget elementor-widget-text-editor\" data-id=\"fbe1d1b\" data-element_type=\"widget\" data-e-type=\"widget\" data-widget_type=\"text-editor.default\">\n\t\t\t\t\t\t\t\t\tEn l\u00ednia\t\t\t\t\t\t\t\t<\/div>\n\t\t\t\t<\/div>\n\t\t<div class=\"elementor-element elementor-element-9b98ed6 e-con-full e-flex e-con e-child\" data-id=\"9b98ed6\" data-element_type=\"container\" data-e-type=\"container\">\n\t\t\t\t<div class=\"elementor-element elementor-element-4a6d785 elementor-widget elementor-widget-text-editor\" data-id=\"4a6d785\" data-element_type=\"widget\" data-e-type=\"widget\" data-widget_type=\"text-editor.default\">\n\t\t\t\t\t\t\t\t\tEn l\u00ednia \u00b7 1 any \u00b7 Doble Titulaci\u00f3 IQS\t\t\t\t\t\t\t\t<\/div>\n\t\t\t\t<div class=\"elementor-element elementor-element-15c1f78 elementor-widget elementor-widget-heading\" data-id=\"15c1f78\" data-element_type=\"widget\" data-e-type=\"widget\" data-widget_type=\"heading.default\">\n\t\t\t\t\t<h2 class=\"elementor-heading-title elementor-size-default\">M\u00e0ster Online en Innovaci\u00f3 i Gesti\u00f3 Gastron\u00f2mica<\/h2>\t\t\t\t<\/div>\n\t\t\t\t<\/div>\n\t\t\t\t<\/a>\n\t\t\t\t<\/div>\n\t\t<style id=\"loop-dynamic-6164\">.e-loop-item-6447 .elementor-element.elementor-element-d79d8ff:not(.elementor-motion-effects-element-type-background), .e-loop-item-6447 .elementor-element.elementor-element-d79d8ff > .elementor-motion-effects-container > .elementor-motion-effects-layer{background-image:url(\"https:\/\/www.hofmann-bcn.com\/wp-content\/uploads\/2025\/03\/Tartaleta_Merce_7-1-scaled.jpg\");}<\/style>\t\t<div data-elementor-type=\"loop-item\" data-elementor-id=\"6164\" class=\"elementor elementor-6164 e-loop-item e-loop-item-6447 post-6447 masters type-masters status-publish has-post-thumbnail hentry categoria-online\" data-elementor-post-type=\"elementor_library\" data-custom-edit-handle=\"1\">\n\t\t\t<a class=\"elementor-element elementor-element-f1fa72f e-con-full e-flex e-con e-parent\" data-id=\"f1fa72f\" data-element_type=\"container\" data-e-type=\"container\" data-settings=\"{&quot;background_background&quot;:&quot;classic&quot;}\" href=\"https:\/\/www.hofmann-bcn.com\/ca\/masters\/master-online-comunicacio-marketing-gastronomic\/\">\n\t\t<div class=\"elementor-element elementor-element-d79d8ff e-con-full e-flex e-con e-child\" data-id=\"d79d8ff\" data-element_type=\"container\" data-e-type=\"container\" data-settings=\"{&quot;background_background&quot;:&quot;classic&quot;}\">\n\t\t\t\t<div class=\"elementor-element elementor-element-fbe1d1b jedv-enabled--yes elementor-widget elementor-widget-text-editor\" data-id=\"fbe1d1b\" data-element_type=\"widget\" data-e-type=\"widget\" data-widget_type=\"text-editor.default\">\n\t\t\t\t\t\t\t\t\tEn l\u00ednia\t\t\t\t\t\t\t\t<\/div>\n\t\t\t\t<\/div>\n\t\t<div class=\"elementor-element elementor-element-9b98ed6 e-con-full e-flex e-con e-child\" data-id=\"9b98ed6\" data-element_type=\"container\" data-e-type=\"container\">\n\t\t\t\t<div class=\"elementor-element elementor-element-4a6d785 elementor-widget elementor-widget-text-editor\" data-id=\"4a6d785\" data-element_type=\"widget\" data-e-type=\"widget\" data-widget_type=\"text-editor.default\">\n\t\t\t\t\t\t\t\t\tEn l\u00ednia \u00b7 1 any \u00b7 Doble titulaci\u00f3 IQS\t\t\t\t\t\t\t\t<\/div>\n\t\t\t\t<div class=\"elementor-element elementor-element-15c1f78 elementor-widget elementor-widget-heading\" data-id=\"15c1f78\" data-element_type=\"widget\" data-e-type=\"widget\" data-widget_type=\"heading.default\">\n\t\t\t\t\t<h2 class=\"elementor-heading-title elementor-size-default\">M\u00e0ster en M\u00e0rqueting Gastron\u00f2mic<\/h2>\t\t\t\t<\/div>\n\t\t\t\t<\/div>\n\t\t\t\t<\/a>\n\t\t\t\t<\/div>\n\t\t\t\t<\/div>\n\t\t\n\t\t\t\t\t\t<\/div>\n\t\t\t\t<\/div>\n\t\t\t\t\t<\/div>\n\t\t\t\t<\/div>\n\t\t\t\t<\/div>\n\t\t","protected":false},"excerpt":{"rendered":"<p>M\u00e1sters Los m\u00e1sters de formaci\u00f3n de Hofmann te llevar\u00e1n al siguiente nivel. Cocina Gesti\u00f3n Online Pasteler\u00eda Presencial Todo<\/p>\n","protected":false},"author":3,"featured_media":0,"parent":0,"menu_order":10,"comment_status":"closed","ping_status":"closed","template":"","meta":{"footnotes":""},"class_list":["post-5756","page","type-page","status-publish","hentry"],"_links":{"self":[{"href":"https:\/\/www.hofmann-bcn.com\/ca\/wp-json\/wp\/v2\/pages\/5756","targetHints":{"allow":["GET"]}}],"collection":[{"href":"https:\/\/www.hofmann-bcn.com\/ca\/wp-json\/wp\/v2\/pages"}],"about":[{"href":"https:\/\/www.hofmann-bcn.com\/ca\/wp-json\/wp\/v2\/types\/page"}],"author":[{"embeddable":true,"href":"https:\/\/www.hofmann-bcn.com\/ca\/wp-json\/wp\/v2\/users\/3"}],"replies":[{"embeddable":true,"href":"https:\/\/www.hofmann-bcn.com\/ca\/wp-json\/wp\/v2\/comments?post=5756"}],"version-history":[{"count":0,"href":"https:\/\/www.hofmann-bcn.com\/ca\/wp-json\/wp\/v2\/pages\/5756\/revisions"}],"wp:attachment":[{"href":"https:\/\/www.hofmann-bcn.com\/ca\/wp-json\/wp\/v2\/media?parent=5756"}],"curies":[{"name":"wp","href":"https:\/\/api.w.org\/{rel}","templated":true}]}}