{"id":4194,"date":"2025-01-30T22:53:44","date_gmt":"2025-01-30T21:53:44","guid":{"rendered":"https:\/\/hofmann-bcn.com\/?page_id=4194"},"modified":"2025-04-01T16:54:25","modified_gmt":"2025-04-01T15:54:25","slug":"formacion-bonificable","status":"publish","type":"page","link":"https:\/\/www.hofmann-bcn.com\/ca\/l-escola\/entrenament-bonus\/","title":{"rendered":"Formaci\u00f3 de bonificaci\u00f3"},"content":{"rendered":"\t\t<div data-elementor-type=\"wp-page\" data-elementor-id=\"4194\" class=\"elementor elementor-4194\" data-elementor-settings=\"{&quot;element_pack_global_tooltip_width&quot;:{&quot;unit&quot;:&quot;px&quot;,&quot;size&quot;:&quot;&quot;,&quot;sizes&quot;:[]},&quot;element_pack_global_tooltip_width_laptop&quot;:{&quot;unit&quot;:&quot;px&quot;,&quot;size&quot;:&quot;&quot;,&quot;sizes&quot;:[]},&quot;element_pack_global_tooltip_width_tablet&quot;:{&quot;unit&quot;:&quot;px&quot;,&quot;size&quot;:&quot;&quot;,&quot;sizes&quot;:[]},&quot;element_pack_global_tooltip_width_mobile&quot;:{&quot;unit&quot;:&quot;px&quot;,&quot;size&quot;:&quot;&quot;,&quot;sizes&quot;:[]},&quot;element_pack_global_tooltip_padding&quot;:{&quot;unit&quot;:&quot;px&quot;,&quot;top&quot;:&quot;&quot;,&quot;right&quot;:&quot;&quot;,&quot;bottom&quot;:&quot;&quot;,&quot;left&quot;:&quot;&quot;,&quot;isLinked&quot;:true},&quot;element_pack_global_tooltip_padding_laptop&quot;:{&quot;unit&quot;:&quot;px&quot;,&quot;top&quot;:&quot;&quot;,&quot;right&quot;:&quot;&quot;,&quot;bottom&quot;:&quot;&quot;,&quot;left&quot;:&quot;&quot;,&quot;isLinked&quot;:true},&quot;element_pack_global_tooltip_padding_tablet&quot;:{&quot;unit&quot;:&quot;px&quot;,&quot;top&quot;:&quot;&quot;,&quot;right&quot;:&quot;&quot;,&quot;bottom&quot;:&quot;&quot;,&quot;left&quot;:&quot;&quot;,&quot;isLinked&quot;:true},&quot;element_pack_global_tooltip_padding_mobile&quot;:{&quot;unit&quot;:&quot;px&quot;,&quot;top&quot;:&quot;&quot;,&quot;right&quot;:&quot;&quot;,&quot;bottom&quot;:&quot;&quot;,&quot;left&quot;:&quot;&quot;,&quot;isLinked&quot;:true},&quot;element_pack_global_tooltip_border_radius&quot;:{&quot;unit&quot;:&quot;px&quot;,&quot;top&quot;:&quot;&quot;,&quot;right&quot;:&quot;&quot;,&quot;bottom&quot;:&quot;&quot;,&quot;left&quot;:&quot;&quot;,&quot;isLinked&quot;:true},&quot;element_pack_global_tooltip_border_radius_laptop&quot;:{&quot;unit&quot;:&quot;px&quot;,&quot;top&quot;:&quot;&quot;,&quot;right&quot;:&quot;&quot;,&quot;bottom&quot;:&quot;&quot;,&quot;left&quot;:&quot;&quot;,&quot;isLinked&quot;:true},&quot;element_pack_global_tooltip_border_radius_tablet&quot;:{&quot;unit&quot;:&quot;px&quot;,&quot;top&quot;:&quot;&quot;,&quot;right&quot;:&quot;&quot;,&quot;bottom&quot;:&quot;&quot;,&quot;left&quot;:&quot;&quot;,&quot;isLinked&quot;:true},&quot;element_pack_global_tooltip_border_radius_mobile&quot;:{&quot;unit&quot;:&quot;px&quot;,&quot;top&quot;:&quot;&quot;,&quot;right&quot;:&quot;&quot;,&quot;bottom&quot;:&quot;&quot;,&quot;left&quot;:&quot;&quot;,&quot;isLinked&quot;:true}}\" data-elementor-post-type=\"page\">\n\t\t\t\t<section class=\"elementor-element elementor-element-02b2c21 e-flex e-con-boxed e-con e-parent\" data-id=\"02b2c21\" data-element_type=\"container\" data-e-type=\"container\" data-settings=\"{&quot;background_background&quot;:&quot;gradient&quot;}\">\n\t\t\t\t\t<div class=\"e-con-inner\">\n\t\t<div class=\"elementor-element elementor-element-8f669dd e-con-full e-flex elementor-invisible e-con e-child\" data-id=\"8f669dd\" data-element_type=\"container\" data-e-type=\"container\" data-settings=\"{&quot;background_background&quot;:&quot;classic&quot;,&quot;animation&quot;:&quot;fadeIn blur&quot;}\">\n\t\t\t\t<div class=\"elementor-element elementor-element-8ab0100 elementor-widget__width-inherit elementor-widget-tablet__width-initial elementor-widget-mobile__width-inherit elementor-invisible elementor-widget elementor-widget-heading\" data-id=\"8ab0100\" data-element_type=\"widget\" data-e-type=\"widget\" data-settings=\"{&quot;_animation&quot;:&quot;fadeInUp&quot;,&quot;_animation_delay&quot;:&quot;260&quot;}\" data-widget_type=\"heading.default\">\n\t\t\t\t\t<h1 class=\"elementor-heading-title elementor-size-default\">Formaci\u00f3n bonificable<\/h1>\t\t\t\t<\/div>\n\t\t\t\t<div class=\"elementor-element elementor-element-68608e4 elementor-absolute elementor-invisible elementor-widget elementor-widget-image\" data-id=\"68608e4\" data-element_type=\"widget\" data-e-type=\"widget\" data-settings=\"{&quot;_animation&quot;:&quot;fadeIn blur&quot;,&quot;_position&quot;:&quot;absolute&quot;}\" data-widget_type=\"image.default\">\n\t\t\t\t\t\t\t\t\t\t\t\t\t\t\t<img fetchpriority=\"high\" decoding=\"async\" width=\"600\" height=\"600\" src=\"https:\/\/www.hofmann-bcn.com\/wp-content\/uploads\/2024\/11\/sello_hofmann_blue.png\" class=\"attachment-large size-large wp-image-93\" alt=\"\" srcset=\"https:\/\/www.hofmann-bcn.com\/wp-content\/uploads\/2024\/11\/sello_hofmann_blue.png 600w, https:\/\/www.hofmann-bcn.com\/wp-content\/uploads\/2024\/11\/sello_hofmann_blue-300x300.png 300w, https:\/\/www.hofmann-bcn.com\/wp-content\/uploads\/2024\/11\/sello_hofmann_blue-150x150.png 150w, https:\/\/www.hofmann-bcn.com\/wp-content\/uploads\/2024\/11\/elementor\/thumbs\/sello_hofmann_blue-r4286p6imq1t5j3d8gling3bxe21ocf3kv96k9nld4.png 100w\" sizes=\"(max-width: 600px) 100vw, 600px\" \/>\t\t\t\t\t\t\t\t\t\t\t\t\t\t\t<\/div>\n\t\t\t\t<\/div>\n\t\t\t\t\t<\/div>\n\t\t\t\t<\/section>\n\t\t<section class=\"elementor-element elementor-element-8328e77 e-con-full e-flex e-con e-parent\" data-id=\"8328e77\" data-element_type=\"container\" data-e-type=\"container\" data-settings=\"{&quot;background_background&quot;:&quot;classic&quot;}\">\n\t\t<div class=\"elementor-element elementor-element-61b2cd3 e-con-full e-flex elementor-invisible e-con e-child\" data-id=\"61b2cd3\" data-element_type=\"container\" data-e-type=\"container\" data-settings=\"{&quot;background_background&quot;:&quot;classic&quot;,&quot;animation&quot;:&quot;fadeInLeft&quot;}\">\n\t\t\t\t<div class=\"elementor-element elementor-element-44d6a94 elementor-widget elementor-widget-spacer\" data-id=\"44d6a94\" data-element_type=\"widget\" data-e-type=\"widget\" data-widget_type=\"spacer.default\">\n\t\t\t\t\t\t\t<div class=\"elementor-spacer\">\n\t\t\t<div class=\"elementor-spacer-inner\"><\/div>\n\t\t<\/div>\n\t\t\t\t\t\t<\/div>\n\t\t\t\t<\/div>\n\t\t<div class=\"elementor-element elementor-element-84ea174 e-con-full e-flex e-con e-child\" data-id=\"84ea174\" data-element_type=\"container\" data-e-type=\"container\" data-settings=\"{&quot;background_background&quot;:&quot;classic&quot;}\">\n\t\t\t\t<div class=\"elementor-element elementor-element-57be032  ui-split-animate ui-splitby-words elementor-widget elementor-widget-heading\" data-id=\"57be032\" data-element_type=\"widget\" data-e-type=\"widget\" data-settings=\"{&quot;ui_animate_split&quot;:&quot;ui-split-animate&quot;,&quot;ui_animate_split_by&quot;:&quot;words&quot;,&quot;ui_animate_split_style&quot;:&quot;fadeIn blur&quot;}\" data-widget_type=\"heading.default\">\n\t\t\t\t\t<h2 class=\"elementor-heading-title elementor-size-default\">Formaci\u00f3n bonificable para <b>empresas<\/b>.<\/h2>\t\t\t\t<\/div>\n\t\t\t\t<div class=\"elementor-element elementor-element-32d675c elementor-widget__width-initial elementor-widget-tablet__width-inherit elementor-widget-mobile__width-inherit elementor-invisible elementor-widget elementor-widget-text-editor\" data-id=\"32d675c\" data-element_type=\"widget\" data-e-type=\"widget\" data-settings=\"{&quot;_animation&quot;:&quot;fadeInUp&quot;}\" data-widget_type=\"text-editor.default\">\n\t\t\t\t\t\t\t\t\t<p>Desde la Escuela Hofmann ofrecemos a las empresas del sector de la gastronom\u00eda la posibilidad de formar a sus trabajadores a trav\u00e9s de <b>FUNDAE <\/b>(Fundaci\u00f3n Estatal para la Formaci\u00f3n en el Empleo).<\/p><p>Muchos de los cursos que ofrece la Escuela son parcialmente bonificables y por su formato y estructura horaria se pueden compatibilizar con la actividad profesional. La Formaci\u00f3n se centra en el aprendizaje de las t\u00e9cnicas de cocina y pasteler\u00eda en general o, si se prefiere, en cursos\u00a0 que especializan en diferentes tipos de productos\/cocinas\/postres.<\/p><p>Creemos firmemente en la formaci\u00f3n para mejorar la competitividad de las empresas. Un trabajador formado es un trabajador m\u00e1s productivo. Nuestros chefs-pedagogos, tanto de cocina como de pasteler\u00eda, poseen una amplia experiencia y, adem\u00e1s, <b>un Restaurante con una estrella Michelin y la mejor Pasteler\u00eda de Catalunya nos avalan<\/b>.<\/p><p>Si deseas m\u00e1s informaci\u00f3n acerca de nuestros cursos bonificables, la metodolog\u00eda de aprendizaje de Hofmann o quieres que realicemos un plan formativo integral para tus empleados, contacta con <a href=\"mailto:hofmannconsulting@hofmann-bcn.com\">hofmannconsulting@hofmann-bcn.com<\/a><\/p>\t\t\t\t\t\t\t\t<\/div>\n\t\t\t\t<\/div>\n\t\t\t\t<\/section>\n\t\t<section class=\"elementor-element elementor-element-5e4b7f8 e-con-full e-flex e-con e-parent\" data-id=\"5e4b7f8\" data-element_type=\"container\" data-e-type=\"container\" data-settings=\"{&quot;background_background&quot;:&quot;classic&quot;}\">\n\t\t<div class=\"elementor-element elementor-element-810303c e-con-full e-flex e-con e-child\" data-id=\"810303c\" data-element_type=\"container\" data-e-type=\"container\" data-settings=\"{&quot;background_background&quot;:&quot;classic&quot;}\">\n\t\t\t\t<div class=\"elementor-element elementor-element-e599eb5  ui-split-animate ui-splitby-words elementor-widget elementor-widget-heading\" data-id=\"e599eb5\" data-element_type=\"widget\" data-e-type=\"widget\" data-settings=\"{&quot;ui_animate_split&quot;:&quot;ui-split-animate&quot;,&quot;ui_animate_split_by&quot;:&quot;words&quot;,&quot;ui_animate_split_style&quot;:&quot;fadeIn blur&quot;}\" data-widget_type=\"heading.default\">\n\t\t\t\t\t<h2 class=\"elementor-heading-title elementor-size-default\">Formaci\u00f3n bonificable para <b>empleados<\/b>.<\/h2>\t\t\t\t<\/div>\n\t\t\t\t<div class=\"elementor-element elementor-element-daf5697 elementor-widget__width-initial elementor-widget-tablet__width-inherit elementor-widget-mobile__width-inherit elementor-invisible elementor-widget elementor-widget-text-editor\" data-id=\"daf5697\" data-element_type=\"widget\" data-e-type=\"widget\" data-settings=\"{&quot;_animation&quot;:&quot;fadeInUp&quot;}\" data-widget_type=\"text-editor.default\">\n\t\t\t\t\t\t\t\t\t<p>Si trabajas en el sector de la gastronom\u00eda\u00a0<strong>como empleado por cuenta ajena<\/strong>\u00a0y deseas actualizar, mejorar o aprender t\u00e9cnicas de la cocina profesional de alta gama, puedes solicitar a tu empresa que te inscriba en alguno de los cursos de la Escuela Hofmann parcialmente bonificables por FUNDAE.<\/p><p>Hofmann ofrece diferentes modalidades de cursos que, por su estructura y horarios te permitir\u00e1n combinar la formaci\u00f3n con tu actividad laboral. En la ficha t\u00e9cnica de cada curso indicamos si el curso es bonificable. Puedes escoger entre formaci\u00f3n general de cocina o pasteler\u00eda o inscribirte a cursos tem\u00e1ticos donde te especializar\u00e1s en alg\u00fan tipo de cocina\/pasteler\u00eda en particular.<\/p><p>Si deseas inscribirte y\/o solicitar m\u00e1s informaci\u00f3n acerca de las condiciones y tr\u00e1mites para las bonificaciones contacta con\u00a0<a href=\"mailto:informacion@hofmann-bcn.com\">informacion@hofmann-bcn.com<\/a>.<\/p>\t\t\t\t\t\t\t\t<\/div>\n\t\t\t\t<\/div>\n\t\t<div class=\"elementor-element elementor-element-a98b4af e-con-full e-flex elementor-invisible e-con e-child\" data-id=\"a98b4af\" data-element_type=\"container\" data-e-type=\"container\" data-settings=\"{&quot;background_background&quot;:&quot;classic&quot;,&quot;animation&quot;:&quot;fadeInRight&quot;}\">\n\t\t\t\t<div class=\"elementor-element elementor-element-c944b47 elementor-widget elementor-widget-spacer\" data-id=\"c944b47\" data-element_type=\"widget\" data-e-type=\"widget\" data-widget_type=\"spacer.default\">\n\t\t\t\t\t\t\t<div class=\"elementor-spacer\">\n\t\t\t<div class=\"elementor-spacer-inner\"><\/div>\n\t\t<\/div>\n\t\t\t\t\t\t<\/div>\n\t\t\t\t<\/div>\n\t\t\t\t<\/section>\n\t\t\t\t<\/div>\n\t\t","protected":false},"excerpt":{"rendered":"<p>Formaci\u00f3n bonificable Formaci\u00f3n bonificable para empresas. Desde la Escuela Hofmann ofrecemos a las empresas del sector de la gastronom\u00eda la posibilidad de [&hellip;]<\/p>\n","protected":false},"author":3,"featured_media":0,"parent":4186,"menu_order":14,"comment_status":"closed","ping_status":"closed","template":"","meta":{"footnotes":""},"class_list":["post-4194","page","type-page","status-publish","hentry"],"_links":{"self":[{"href":"https:\/\/www.hofmann-bcn.com\/ca\/wp-json\/wp\/v2\/pages\/4194","targetHints":{"allow":["GET"]}}],"collection":[{"href":"https:\/\/www.hofmann-bcn.com\/ca\/wp-json\/wp\/v2\/pages"}],"about":[{"href":"https:\/\/www.hofmann-bcn.com\/ca\/wp-json\/wp\/v2\/types\/page"}],"author":[{"embeddable":true,"href":"https:\/\/www.hofmann-bcn.com\/ca\/wp-json\/wp\/v2\/users\/3"}],"replies":[{"embeddable":true,"href":"https:\/\/www.hofmann-bcn.com\/ca\/wp-json\/wp\/v2\/comments?post=4194"}],"version-history":[{"count":0,"href":"https:\/\/www.hofmann-bcn.com\/ca\/wp-json\/wp\/v2\/pages\/4194\/revisions"}],"up":[{"embeddable":true,"href":"https:\/\/www.hofmann-bcn.com\/ca\/wp-json\/wp\/v2\/pages\/4186"}],"wp:attachment":[{"href":"https:\/\/www.hofmann-bcn.com\/ca\/wp-json\/wp\/v2\/media?parent=4194"}],"curies":[{"name":"wp","href":"https:\/\/api.w.org\/{rel}","templated":true}]}}