{"id":3,"date":"2024-08-04T16:22:05","date_gmt":"2024-08-04T16:22:05","guid":{"rendered":"https:\/\/labs.942estudio.com\/hfm\/?page_id=3"},"modified":"2025-03-31T20:30:47","modified_gmt":"2025-03-31T19:30:47","slug":"politica-de-privacidad","status":"publish","type":"page","link":"https:\/\/www.hofmann-bcn.com\/ca\/politica-de-privacitat\/","title":{"rendered":"Pol\u00edtica de Privacitat"},"content":{"rendered":"\t\t<div data-elementor-type=\"wp-page\" data-elementor-id=\"3\" class=\"elementor elementor-3\" data-elementor-settings=\"{&quot;element_pack_global_tooltip_width&quot;:{&quot;unit&quot;:&quot;px&quot;,&quot;size&quot;:&quot;&quot;,&quot;sizes&quot;:[]},&quot;element_pack_global_tooltip_width_laptop&quot;:{&quot;unit&quot;:&quot;px&quot;,&quot;size&quot;:&quot;&quot;,&quot;sizes&quot;:[]},&quot;element_pack_global_tooltip_width_tablet&quot;:{&quot;unit&quot;:&quot;px&quot;,&quot;size&quot;:&quot;&quot;,&quot;sizes&quot;:[]},&quot;element_pack_global_tooltip_width_mobile&quot;:{&quot;unit&quot;:&quot;px&quot;,&quot;size&quot;:&quot;&quot;,&quot;sizes&quot;:[]},&quot;element_pack_global_tooltip_padding&quot;:{&quot;unit&quot;:&quot;px&quot;,&quot;top&quot;:&quot;&quot;,&quot;right&quot;:&quot;&quot;,&quot;bottom&quot;:&quot;&quot;,&quot;left&quot;:&quot;&quot;,&quot;isLinked&quot;:true},&quot;element_pack_global_tooltip_padding_laptop&quot;:{&quot;unit&quot;:&quot;px&quot;,&quot;top&quot;:&quot;&quot;,&quot;right&quot;:&quot;&quot;,&quot;bottom&quot;:&quot;&quot;,&quot;left&quot;:&quot;&quot;,&quot;isLinked&quot;:true},&quot;element_pack_global_tooltip_padding_tablet&quot;:{&quot;unit&quot;:&quot;px&quot;,&quot;top&quot;:&quot;&quot;,&quot;right&quot;:&quot;&quot;,&quot;bottom&quot;:&quot;&quot;,&quot;left&quot;:&quot;&quot;,&quot;isLinked&quot;:true},&quot;element_pack_global_tooltip_padding_mobile&quot;:{&quot;unit&quot;:&quot;px&quot;,&quot;top&quot;:&quot;&quot;,&quot;right&quot;:&quot;&quot;,&quot;bottom&quot;:&quot;&quot;,&quot;left&quot;:&quot;&quot;,&quot;isLinked&quot;:true},&quot;element_pack_global_tooltip_border_radius&quot;:{&quot;unit&quot;:&quot;px&quot;,&quot;top&quot;:&quot;&quot;,&quot;right&quot;:&quot;&quot;,&quot;bottom&quot;:&quot;&quot;,&quot;left&quot;:&quot;&quot;,&quot;isLinked&quot;:true},&quot;element_pack_global_tooltip_border_radius_laptop&quot;:{&quot;unit&quot;:&quot;px&quot;,&quot;top&quot;:&quot;&quot;,&quot;right&quot;:&quot;&quot;,&quot;bottom&quot;:&quot;&quot;,&quot;left&quot;:&quot;&quot;,&quot;isLinked&quot;:true},&quot;element_pack_global_tooltip_border_radius_tablet&quot;:{&quot;unit&quot;:&quot;px&quot;,&quot;top&quot;:&quot;&quot;,&quot;right&quot;:&quot;&quot;,&quot;bottom&quot;:&quot;&quot;,&quot;left&quot;:&quot;&quot;,&quot;isLinked&quot;:true},&quot;element_pack_global_tooltip_border_radius_mobile&quot;:{&quot;unit&quot;:&quot;px&quot;,&quot;top&quot;:&quot;&quot;,&quot;right&quot;:&quot;&quot;,&quot;bottom&quot;:&quot;&quot;,&quot;left&quot;:&quot;&quot;,&quot;isLinked&quot;:true}}\" data-elementor-post-type=\"page\">\n\t\t\t\t<div class=\"elementor-element elementor-element-11e51efc e-flex e-con-boxed e-con e-parent\" data-id=\"11e51efc\" data-element_type=\"container\" data-e-type=\"container\">\n\t\t\t\t\t<div class=\"e-con-inner\">\n\t\t\t\t<div class=\"elementor-element elementor-element-45f994ab elementor-widget elementor-widget-text-editor\" data-id=\"45f994ab\" data-element_type=\"widget\" data-e-type=\"widget\" data-widget_type=\"text-editor.default\">\n\t\t\t\t\t\t\t\t\t<h1>Pol\u00edtica de privacidad<\/h1>\n\n<p><strong>HOFMANN CULINARY SCHOOL, S.LU<\/strong> (en adelante HOFMANN) considera fundamental la privacidad de las personas, tanto de los visitantes del SITIO WEB como de cualesquiera otros afectados que nos proporcionan informaci\u00f3n como parte de la prestaci\u00f3n de servicios (en adelante, \u201cUsted\u201d o el \u201cUsuario\u201d).<\/p>\n\n<p>En este sentido, HOFMANN se compromete al tratamiento de sus datos de acuerdo con la normativa de protecci\u00f3n de datos personales aplicable y en vigor en cada momento. Concretamente, HOFMANN cumplir\u00e1 con la Ley Org\u00e1nica 3\/2018, de 5 de diciembre, de Protecci\u00f3n de Datos Personales y garant\u00eda de los derechos digitales (\u201cLOPDGDD\u201d), as\u00ed como con el Reglamento (UE) 2016\/679, de 27 de abril de 2016, del Parlamento Europeo y del Consejo relativo a la protecci\u00f3n de las personas f\u00edsicas en lo que respecta al tratamiento de datos personales y a la libre circulaci\u00f3n de estos datos y por el que se deroga la Directiva 95\/46\/CE (\u201cRGPD\u201d).<\/p>\n\n<p>En base a ello, HOFMANN informa de su Pol\u00edtica de Privacidad, con el fin de hacer conocedores a los usuarios sobre el tratamiento de sus datos, as\u00ed como de los principios fundamentales sobre protecci\u00f3n de datos personales que aplica. No obstante, queda informado de que algunos apartados de este sitio web disponen de su propia Pol\u00edtica de Privacidad. Para ello, consulte los apartados que figuran a continuaci\u00f3n:<\/p>\n\n<h2>1.- \u00bfQui\u00e9n es el responsable del tratamiento de sus datos?<\/h2>\n<p><strong>Identidad de los Responsables del tratamiento:<\/strong><\/p>\n<p>HOFMANN CULINARY SCHOOL, S.LU<br>\nC.I.F.: B67134833<br>\nDirecci\u00f3n postal: C\/ Argenter\u00eda, 74-78, 08003 \u2013 Barcelona<br>\nTel\u00e9fono: 93 319 58 89<br>\nCorreo electr\u00f3nico: <a href=\"mailto:hofmann@hofmann-bcn.com\">hofmann@hofmann-bcn.com<\/a><\/p>\n\n<h2>2.- \u00bfCu\u00e1les son las finalidades principales del tratamiento de sus datos?<\/h2>\n<p>Tratamos los datos que nos facilite a trav\u00e9s de nuestra SITIO WEB conforme a las siguientes finalidades:<\/p>\n<ul>\n  <li>Dar respuesta a la consulta realizada a trav\u00e9s del apartado \u201ccontacto\u201d y enviarle informaci\u00f3n sobre nuestros productos y servicios salvo que manifieste su oposici\u00f3n.<\/li>\n  <li>Gestionar sus reservas en nuestros restaurantes.<\/li>\n  <li>Enviarle informaci\u00f3n sobre nuestro servicio de consultor\u00eda culinaria y de pasteler\u00eda.<\/li>\n  <li>Gestionar las compras regalos de experiencias gastron\u00f3micas y cursos para terceros, facturaci\u00f3n y env\u00edo de informaci\u00f3n sobre nuestros productos y servicios salvo que manifieste su oposici\u00f3n.<\/li>\n  <li>Al realizar la compra de nuestros cursos gestionaremos su pedido, cobro y tramitaci\u00f3n, en su caso, cambios y devoluciones, realizaremos la facturaci\u00f3n correspondiente, adem\u00e1s le enviaremos informaci\u00f3n sobre nuestros productos y servicios salvo que manifieste su oposici\u00f3n.<\/li>\n  <li>Atender su solicitud de empleo recibida a trav\u00e9s del apartado \u201ctrabajo con nosotros\u201d conforme a la Pol\u00edtica de Privacidad de Candidatos.<\/li>\n  <li>Garantizar el correcto funcionamiento t\u00e9cnico de la Web y en el caso de que lo autorice conforme a lo informado en nuestra Pol\u00edtica de cookies.<\/li>\n  <li>Y seg\u00fan se le informe en las cl\u00e1usulas informativas habilitadas al efecto en cualquier formulario de recogida de datos a trav\u00e9s del SITIO WEB y condiciones legales de determinados servicios.<\/li>\n<\/ul>\n\n<h2>3.- \u00bfCu\u00e1l es la legitimaci\u00f3n para el tratamiento de sus datos?<\/h2>\n<p>Las bases legales para tratar sus datos personales son:<\/p>\n<ol>\n  <li>La existencia de una relaci\u00f3n precontractual y\/o contractual.<\/li>\n  <li>Cuando resulte necesario para la satisfacci\u00f3n de intereses leg\u00edtimos perseguidos por HOFMANN.<\/li>\n  <li>Cumplimiento de obligaciones legales.<\/li>\n  <li>Su consentimiento.<\/li>\n<\/ol>\n\n<h2>4.- \u00bfPor cu\u00e1nto tiempo conservaremos sus datos?<\/h2>\n<p>En caso de remitirnos el formulario de contacto o enviarnos un correo electr\u00f3nico trataremos sus datos personales durante el tiempo que tardemos en responder a su consulta o solicitud. En el caso de realizar alguna compra de nuestros productos o servicios conservaremos sus datos durante el plazo legalmente establecido para cubrir nuestras responsabilidades y cumplir con nuestras obligaciones legales. En el caso de facilitar su consentimiento para recibir informaci\u00f3n sobre nuestros productos y servicios trataremos sus datos en tanto en cuanto no manifieste lo contrario.<\/p>\n\n<h2>5.- \u00bfQui\u00e9nes podr\u00e1n ser destinatarios de la comunicaci\u00f3n de datos?<\/h2>\n<p>Dependiendo de los fines para los que se recopila la informaci\u00f3n personal, pueden acceder a dicha informaci\u00f3n, indistintamente, las siguientes personas:<\/p>\n<ul>\n  <li>Personal autorizado de HOFMANN o sus representantes actuando en nombre de HOFMANN, sujetos a las leyes de protecci\u00f3n de datos que resulten de aplicaci\u00f3n;<\/li>\n  <li>Autoridades reguladoras u otros terceros de conformidad con las leyes aplicables;<\/li>\n  <li>Terceros (proveedores de servicios que procesan informaci\u00f3n como encargado de tratamiento de datos, bajo las instrucciones de HOFMANN), solo despu\u00e9s de llevar a cabo las medidas necesarias para asegurar que podemos compartir dicha informaci\u00f3n y habiendo celebrado el correspondiente contrato de encargo de tratamiento, de conformidad con normativa de protecci\u00f3n de datos aplicables.<\/li>\n<\/ul>\n<p>Los datos personales pueden tratarse fuera del Espacio Econ\u00f3mico Europeo (EEE). Cuando se traten fuera del EEE, HOFMANN se asegurar\u00e1 de que este tratamiento de datos transfronterizo es protegido con las garant\u00edas oportunas.<\/p>\n\n<p>Dichas garant\u00edas pueden incluir:<\/p>\n<ul>\n  <li>Cl\u00e1usulas Contractuales Tipo aprobadas por la Comisi\u00f3n Europea.<\/li>\n  <li>Certificaciones que demuestran que los terceros sitos fuera del EEE tratan datos personales de una forma consecuente con el RGPD.<\/li>\n<\/ul>\n\n<h2>6.- \u00bfCu\u00e1les son sus derechos cuando nos facilita sus datos?<\/h2>\n<p>Usted tiene los siguientes derechos:<\/p>\n<ul>\n  <li>Acceder a sus datos personales.<\/li>\n  <li>Solicitar la rectificaci\u00f3n o completado de datos incompletos.<\/li>\n  <li>Solicitar la supresi\u00f3n de sus datos.<\/li>\n  <li>Solicitar la limitaci\u00f3n del tratamiento.<\/li>\n  <li>Oponerse al tratamiento.<\/li>\n  <li>Solicitar la portabilidad de los datos.<\/li>\n  <li>No ser objeto de decisiones basadas \u00fanicamente en tratamientos automatizados.<\/li>\n<\/ul>\n\n<p>Puede ejercer sus derechos escribiendo a <a href=\"mailto:hofmann@hofmann-bcn.com\">hofmann@hofmann-bcn.com<\/a> con el asunto \u201cEjercicio de derechos LOPDGDD\u201d e indicando:<\/p>\n<ul>\n  <li>Su nombre y apellidos o nombre de usuario<\/li>\n  <li>DNI\/NIE<\/li>\n  <li>Correo electr\u00f3nico<\/li>\n  <li>Derecho que desea ejercer<\/li>\n  <li>Informaci\u00f3n sobre la que quiere ejercer su derecho<\/li>\n<\/ul>\n\n<p>Si se tienen dudas sobre su identidad, podr\u00e1 requerirse copia del DNI o documento equivalente.<\/p>\n\n<p>Puede presentar una reclamaci\u00f3n ante la Agencia Espa\u00f1ola de Protecci\u00f3n de Datos en:<br>\n<a href=\"https:\/\/sedeagpd.gob.es\/sede-electronica-web\/vistas\/formNuevaReclamacion\/nuevaReclamacion.jsf\" target=\"_blank\" rel=\"noopener\">https:\/\/sedeagpd.gob.es\/sede-electronica-web\/vistas\/formNuevaReclamacion\/nuevaReclamacion.jsf<\/a><\/p>\n\n<h2>7.- \u00bfC\u00f3mo protegemos sus datos personales?<\/h2>\n<p>HOFMANN aplica medidas t\u00e9cnicas y organizativas adecuadas para proteger sus datos personales de acuerdo con la normativa vigente. No obstante, el usuario debe saber que las medidas de seguridad en Internet no son inexpugnables.<\/p>\n\n<h2>8.- Enlaces<\/h2>\n<p>El SITIO WEB puede contener enlaces a otras p\u00e1ginas webs. Esta Pol\u00edtica de Privacidad solo aplica a nuestro sitio web. Le recomendamos consultar la pol\u00edtica de privacidad de cada sitio externo que visite.<\/p>\n\n<h2>9.- Redes sociales<\/h2>\n<p>HOFMANN tiene presencia en redes sociales y tratar\u00e1 los datos conforme a las normas de cada red. Solo extraeremos datos si el usuario nos da su consentimiento expreso.<\/p>\n\n<h2>10.- Modificaciones e integridad de nuestra Pol\u00edtica de Privacidad<\/h2>\n<p>HOFMANN se reserva el derecho de modificar esta Pol\u00edtica de Privacidad en cualquier momento. Recomendamos consultarla peri\u00f3dicamente. Si hay cambios importantes, se le informar\u00e1 por email (si lo tenemos).<\/p>\n\n<p><strong>Texto actualizado en agosto de 2023.<\/strong><\/p>\n\t\t\t\t\t\t\t\t<\/div>\n\t\t\t\t\t<\/div>\n\t\t\t\t<\/div>\n\t\t\t\t<\/div>\n\t\t","protected":false},"excerpt":{"rendered":"<p>Pol\u00edtica de privacidad HOFMANN CULINARY SCHOOL, S.LU (en adelante HOFMANN) considera fundamental la privacidad de las personas, tanto de los visitantes del [&hellip;]<\/p>\n","protected":false},"author":3,"featured_media":0,"parent":0,"menu_order":21,"comment_status":"closed","ping_status":"closed","template":"","meta":{"footnotes":""},"class_list":["post-3","page","type-page","status-publish","hentry"],"_links":{"self":[{"href":"https:\/\/www.hofmann-bcn.com\/ca\/wp-json\/wp\/v2\/pages\/3","targetHints":{"allow":["GET"]}}],"collection":[{"href":"https:\/\/www.hofmann-bcn.com\/ca\/wp-json\/wp\/v2\/pages"}],"about":[{"href":"https:\/\/www.hofmann-bcn.com\/ca\/wp-json\/wp\/v2\/types\/page"}],"author":[{"embeddable":true,"href":"https:\/\/www.hofmann-bcn.com\/ca\/wp-json\/wp\/v2\/users\/3"}],"replies":[{"embeddable":true,"href":"https:\/\/www.hofmann-bcn.com\/ca\/wp-json\/wp\/v2\/comments?post=3"}],"version-history":[{"count":0,"href":"https:\/\/www.hofmann-bcn.com\/ca\/wp-json\/wp\/v2\/pages\/3\/revisions"}],"wp:attachment":[{"href":"https:\/\/www.hofmann-bcn.com\/ca\/wp-json\/wp\/v2\/media?parent=3"}],"curies":[{"name":"wp","href":"https:\/\/api.w.org\/{rel}","templated":true}]}}